{"id":264,"date":"2021-05-19T10:29:52","date_gmt":"2021-05-19T10:29:52","guid":{"rendered":"https:\/\/sotelec.appsnfriends.com\/?page_id=264"},"modified":"2021-05-19T10:29:52","modified_gmt":"2021-05-19T10:29:52","slug":"terminos-y-condiciones","status":"publish","type":"page","link":"https:\/\/sotelec.es\/en\/terminos-y-condiciones","title":{"rendered":"T\u00e9rminos y condiciones"},"content":{"rendered":"<h2>T\u00e9rminos y condiciones<\/h2>\n<p>Con el fin de cumplir con el Reglamento General de Protecci\u00f3n de Datos UE 2016\/679 del Parlamento Europeo y del Consejo, esta secci\u00f3n expone de forma clara y directa la forma en que se tratan los datos personales a trav\u00e9s de este sitio web As\u00ed como otra informaci\u00f3n de inter\u00e9s sobre el tratamiento de datos personales por parte del responsable del tratamiento.<\/p>\n<p>1. Identificaci\u00f3n del responsable del tratamiento<\/p>\n<p>2. SOLUCIONES TECNICAS ELECTR\u00d3NICAS SL. con CIF B64988579 y domicilio social en Cr.Josep Ros i ros, 37 B Pol Ind La Clota de Sant Andreu de la Barca 08740,y correo electr\u00f3nicojuan.sierra@sotelec.es , como responsable de este sitio web y de conformidad con lo dispuesto en el Reglamento General de Protecci\u00f3n de Datos, ha implementado las pol\u00edticas, medios y los procedimientos t\u00e9cnicos y organizativos correspondientes para garantizar y proteger la Confidencialidad, integridad y disponibilidad de los datos personales de sus usuarios.<\/p>\n<p>3. Finalidad del tratamiento<\/p>\n<p>La finalidad de la p\u00e1gina Web es poner a disposici\u00f3n de los usuarios de Internet toda la informaci\u00f3n b\u00e1sica sobre los servicios ofrecidos Soluciones T\u00e9cnicas ELECTR\u00d3NICAS SLtales como actividades, eventos, fechas de int.,, Promociones,y en general toda la informaci\u00f3n vinculada a los servicios y Productos ofrecidos por la empresa.<\/p>\n<p>A trav\u00e9s de esta p\u00e1gina web se recoge la recogida de datos personales a trav\u00e9s de diferentes formularios con el fin de llevar a cabo diversos tratamientos:<\/p>\n<p>a) Gestionar electr\u00f3nicamente los datos de los interesados en contactar con Sotelec.<\/p>\n<p>Soluciones t\u00e9cnicas Electr\u00f3nicas SL recoge los datos personales de los interesados e interesados que deciden poner en Contacto Online, ya que habilita nuestra p\u00e1gina web. Del mismo modo, los datos personales, recogidos a trav\u00e9s del formulario, se utilizar\u00e1n con fines administrativos con el fin de gestionar la consulta de la persona que rellena el formulario de contacto. Los datos personales recogidos a trav\u00e9s del formulario se conservar\u00e1n durante el per\u00edodo legal con el fin de hacer frente a posibles reclamaciones y poder cumplir con las obligaciones legales como responsable.<\/p>\n<p>b) Ser capaz de gestionar las consultas que recibimos a trav\u00e9s del formulario de contacto de los usuarios.<\/p>\n<p>Los datos personales que recopilemos a trav\u00e9s del formulario de contacto se utilizar\u00e1n simplemente para este fin, es decir, con el fin de contactar y responder a las dudas que los propios usuarios han solicitado. Los datos personales recogidos se conservar\u00e1n durante 4 a\u00f1os en el correo electr\u00f3nico titularidad de SOLUCIONES TECNICAS ELECTR\u00d3NICAS SL. Y posteriormente ser\u00e1n eliminados sin perjuicio de la posibilidad de que el usuario interponga Sus derechos como interesado.<\/p>\n<p>c) Colecci\u00f3n de curr\u00edculums para que las partes interesadas puedan formar parte del proceso de selecci\u00f3n de la empresa.<\/p>\n<p>Recogemos los CURRICULUMS que nos env\u00edan a los interesados en trabajar con nosotros para tenerlos en cuenta en los procesos de selecci\u00f3n que se llevan a cabo dentro de la empresa con el fin de evaluar sus caracter\u00edsticas Trabajo acad\u00e9mico y profesional en t\u00e9rminos de empleos gratuitos o de nueva creaci\u00f3n. Los datos personales se conservar\u00e1n durante un periodo de un a\u00f1o a tener en cuenta en los diferentes procesos de selecci\u00f3n que puedan producirse durante este intervalo de tiempo, elimin\u00e1ndolos de nuestra base de datos completada en este periodo.<\/p>\n<p>Realizar comunicaciones promocionales y comerciales sobre ofertas y servicios ofrecidos por SOLUCIONES TECNICAS ELECTR\u00d3NICAS SL. Siempre que el usuario lo consienta expresamente.<\/p>\n<p>Siempre que el interesado haya dado su consentimiento, SOLUCIONES TECNICAS ELECTR\u00d3NICAS SL. utilizar\u00e1 su informaci\u00f3n de contacto personal para poder comunicar informaci\u00f3n sobre promociones, ofertas y actividades que considere que pueden ser ser de inter\u00e9s. Los datos personales se conservar\u00e1n hasta que el interesado se oponga al tratamiento o solicite la supresi\u00f3n de los mismos.<\/p>\n<p>Base legal para el tratamiento<\/p>\n<p>La base que legitima cada unode los tratamientos mencionados en la secci\u00f3n anterior es:<\/p>\n<p>a) Unarelaci\u00f3n precontractual.<\/p>\n<p>b) El consentimiento expreso del interesado<\/p>\n<p>c) El consentimiento expreso del interesado.<\/p>\n<p>d) El consentimiento expreso del interesado.<\/p>\n<p>e) El consentimiento expreso del interesado.<\/p>\n<p>Minors &#8216; Pol\u00edtica de protecci\u00f3n de datos<\/p>\n<p>En cumplimiento de la normativa aplicable, para el proceso de datos de menores de 14 a\u00f1os, se requerir\u00e1 el consentimiento de los padres o tutores legales.<\/p>\n<p>Im\u00e1genes presentes en la p\u00e1gina web<\/p>\n<p>Se informa al usuario de que las im\u00e1genes que aparecen en el sitio web pueden estar sujetas a la identificaci\u00f3n de las personas fotografiadas y que han sido publicadas de manera leg\u00edtima y con el consentimiento del interesado, o del representante legal Correspondiente. Sin embargo, SOLUCIONES TECNICAS ELECTR\u00d3NICAS SL. le informa que si se reconoce en cualquiera de las fotos o v\u00eddeos publicados en el sitio web y no desea aparecer, notif\u00edquenoslo a trav\u00e9s de la direcci\u00f3n de correo electr\u00f3nico juan.sierra@sotelec.es adjuntando una copia del documento que acredite su identidad y haciendo referencia a la secci\u00f3n del sitio web donde se encuentra la imagen o el v\u00eddeo. En el caso de ni\u00f1os menores de 14 a\u00f1os, la solicitud debe ser realizada por el padre, la madre o el tutor legal.<\/p>\n<p>Destinatarios y transferencias internacionales<\/p>\n<p>Los datos personales no ser\u00e1n cedidos a terceros, salvo que as\u00ed lo determine una obligaci\u00f3n legal.<\/p>\n<p>Videovigilancia<\/p>\n<p>SOLUCIONES TECNICAS ELECTR\u00d3NICAS SL. es responsable de las im\u00e1genes gravades per lac\u00e9mede videovigilancia presentes en sus instalaciones con el fin de mantener la seguridad de las personas y para la seguridad de las instalaciones. Las im\u00e1genes de seguridad se conservar\u00e1n durante un per\u00edodo de 30 d\u00edas, excepto que los cuerpos y las fuerzas de seguridad soliciten la conservaci\u00f3n de las im\u00e1genes durante m\u00e1s tiempo debido al caso de un posible incidente o investigaci\u00f3n en curso. La base leg\u00edtima sobre la que cae yel tratamiento de lasim\u00e1genes grabadas por el C\u00e1mede videovigilancia est\u00e1 sujeto al inter\u00e9s leg\u00edtimo del responsable demantener la seguridad. Los datos personales no ser\u00e1n cedidos a terceros salvo en los casos que deban ser entregados a las fuerzas y organismos de seguridad competentes con el fin de facilitar su investigaci\u00f3n. SOLUCIONES TECNICAS ELECTR\u00d3NICAS SL. le informa que tiene derecho acitar el acceso alasim\u00e1genes grabadas por el C\u00e1mede videovigilancia y<\/p>\n<p>Derechos de las partes interesadas<\/p>\n<p>Los usuarios o partes interesadas pueden ponerse en contacto SOLUCIONES TECNICAS ELECTR\u00d3NICAS SL.<\/p>\n<p>como responsable del tratamiento, con el fin de excitarsusderechos.<\/p>\n<p>Como parte interesada, debe saber que tiene derecho a retirar el consentimiento prestado en cualquier momento; No obstante, se informa de que la retirada del consentimiento no afectar\u00e1 a la legalidad del tratamiento realizado antes de la retirada de \u00e9ste.<\/p>\n<p>Por lo tanto, los derechos con los que el usuario o interesado puede interactuar se detallan a continuaci\u00f3n:<\/p>\n<p>Cualquier persona tiene derecho a obtener confirmaci\u00f3n sobre si SOLUCIONES TECNICAS ELECTR\u00d3NICAS SL. tratar\u00e1 o no los datos personales que le conciernen.<\/p>\n<p>Las personas interesadas tienen derecho a acceder a sus datos personales, as\u00ed como a solicitar la rectificaci\u00f3n de los datos inexactos o, en su caso, solicitar su supresi\u00f3n, entre otros motivos, cuando los datos ya no sean necesarios para la finalidad Que fueron recogidos.<\/p>\n<p>En determinadas circunstancias previstas en el art\u00edculo 18 del RGPD, los interesados pueden solicitar la limitaci\u00f3n del tratamiento de su informaci\u00f3n. En este caso, solo los mantendremos para ejercer o defender reclamaciones.<\/p>\n<p>Por razones relacionadas con su situaci\u00f3n particular, las partes interesadas podr\u00e1n oponerse al tratamiento de sus datos. SOLUCIONES TECNICAS ELECTR\u00d3NICAS SL. dejar\u00e1 de tratar los datos, salvo razones leg\u00edtimas imperiosas o para ejercer o defender posibles reclamaciones.<\/p>\n<p>En virtud del derecho a la portabilidad, los interesados tienen derecho a obtener sus datos personales en un formato estructurado de uso com\u00fan y legible por m\u00e1quina y a transmitirlos a otro responsable del tratamiento. Estos derechos pueden ejercerse de la siguiente manera:<\/p>\n<p>Podr\u00e1 solicitar modelos para formular sus derechos, as\u00ed como solicitar su ejecuci\u00f3n a trav\u00e9s del correo electr\u00f3nico juan.sierra@sotelec.es o, dirigi\u00e9ndose directamente a SOLUCIONES TECNICAS ELECTR\u00d3NICAS SL. C. Josep Ros i ros, 37 B, Pol Ind la Clota, Sant Andreu de la Barca, 08740 (Barcelona).<\/p>\n<p>Se informa que cualquier persona interesada puede presentar una reclamaci\u00f3n ante la Agencia Espa\u00f1ola de Protecci\u00f3n de Datos, especialmente cuando no ha obtenido satisfacci\u00f3n en el ejercicio de sus derechos.<\/p>\n<p>10. Medidas de seguridad<br \/>\n11. SOLUCIONES TECNICAS ELECTR\u00d3NICAS SL. responsable de la base de datos, as\u00ed como de las personas implicadas en cualquier fase del tratamiento y\/o de las entidades a las que se les haya comunicado- si es necesario y en virtud de la correspondiente autorizaci\u00f3n Otorgadas por el usuario-, est\u00e1n obligadas y comprometidas con el secreto profesional y a adoptar los niveles de protecci\u00f3n y las medidas t\u00e9cnicas y organizativas de que dispone para garantizar la seguridad de los datos personales, evitando, en la medida de lo posible , acceso no autorizado, modificaciones il\u00edcitas, resta y\/o p\u00e9rdida de datos, con el fin de garantizar el correspondiente nivel de seguridad seg\u00fan la naturaleza y sensibilidad de los datos facilitados por los usuarios de este sitio web.<\/p>\n<p>Asimismo, SOLUCIONES TECNICAS ELECTR\u00d3NICAS SL. se compromete a aplicar las correspondientes medidas de seguridad en virtud de lo dispuesto en el Reglamento General de Protecci\u00f3n de Datos.<\/p>\n<p>Modificaci\u00f3n de la pol\u00edtica de protecci\u00f3n de datos<br \/>\nSOLUCIONES TECNICAS ELECTR\u00d3NICAS SL. se reserva el derecho de modificar, en cualquier momento y sin previo aviso, las presentes condiciones, t\u00e9rminos y pol\u00edticas de privacidad para adaptarlas a cambios legislativos o jurisprudenciales, as\u00ed como a modificaciones o modificaciones o Pr\u00e1cticas de la industria, con la obligaci\u00f3n, por parte del usuario de consultar peri\u00f3dicamente estas condiciones, t\u00e9rminos y pol\u00edticas con el fin de verificar o asegurar la existencia de cambios, tomando como referencia la fecha de la \u00faltima actualizaci\u00f3n ( Octubre de 2018), todo ello sin perjuicio del compromiso de informar de cualquier informaci\u00f3n relacionada con el tratamiento de datos personales por SOLUCIONES TECNICAS ELECTR\u00d3NICAS SL. que pueda afectar Directamente a las partes interesadas o usuarios.<\/p>\n<p>&nbsp;<\/p>\n<h2>Legal<\/h2>\n<p>De conformidad con lo dispuesto en el art\u00edculo 10 de la Ley 34\/2002, de 11 de julio, de servicios de la empresa de la ylanformaci\u00f3n y comercio ELECTRONICO (LSSI-CE), se informa que es un dominio de SOLUCIONES TECNICAS ELECTR\u00d3NICAS SL.<\/p>\n<p>SOLUCIONES Electr\u00f3nicaS SLCr.Josep Ros I ros 37 Pol. Ind. La Closa. Sant Andreu de la Barca 08740<\/p>\n<p>Tel\u00e9fono: 653994691<\/p>\n<p>C.I.F.: B64988579<\/p>\n<p>Condiciones de uso de la p\u00e1gina web<\/p>\n<p>El sitio web de este sitio web es de acceso abierto, gratuito y p\u00fablico. El mero hecho de acceder a la p\u00e1gina Web no implica ning\u00fan tipo de relaci\u00f3n comercial entre SOLUCIONES TECNICAS ELECTR\u00d3NICAS SL.<\/p>\n<p>y el usuario.<\/p>\n<p>El usuario se comprometea utilizar los contenidos, informaciones y datos del sitio web de acuerdo con las condiciones, t\u00e9rminos y pol\u00edticas vigentes, teniendo en cuenta la normativa de aplicaci\u00f3n, as\u00ed como las buenas costumbres generalmente aceptadas y de Orden p\u00fablico.<\/p>\n<p>El usuario se abstendr\u00e1 de utilizar los contenidos del dominio de la p\u00e1gina Web de SOLUCIONES TECNICAS ELECTR\u00d3NICAS SL.<\/p>\n<p>con fines il\u00edcitos o contrarios a laley, que puedan ser perjudiciales para los derechos e intereses del titular, otros usuarios, Terceros, o de cualquier forma que pueda da\u00f1ar, inutilizar o deteriorar este sitio web, as\u00ed como evitar la posibilidad de ser disfrutado por los usuarios o, impidiendo el uso normalizado de los mismos.<\/p>\n<p>Responsabilidad por Enlaces<\/p>\n<p>La informaci\u00f3n y los servicios incluidos o disponibles a trav\u00e9s del sitio web contienen enlaces a otros sitios web, por lo que SOLUCIONES TECNICAS ELECTR\u00d3NICAS SL. no se hace responsable de ninguna p\u00e9rdida, reclamaci\u00f3n o da\u00f1o derivado del uso de un enlace, o lainformaci\u00f3n obtenidaa trav\u00e9s delmismo, la interrupci\u00f3n del servicio o el acceso, o el intento de un mal uso del enlace,ya sea enel sitio web Acceso a informaci\u00f3n de otros sitios web que proporciona la p\u00e1gina.<\/p>\n<p>Le recomendamos que consulte las pol\u00edticas de privacidad de estos sitios web de terceros, ya que sus procedimientos para la recopilaci\u00f3n y el procesamiento de datos personales pueden diferir de los nuestros.<\/p>\n<p>Propiedad intelectual e industrial<\/p>\n<p>La totalidad de los contenidos de este sitio web est\u00e1 protegido por los derechos de propiedad industrial e intelectual que el usuario de este sitio web debe respetar. Queda prohibida la reproducci\u00f3n, excepto para uso privado, comunicaci\u00f3n o distribuci\u00f3n de los materiales incluidos en este sitio sin la autorizaci\u00f3n de la informaciones SOLUCIONES TECNICAS ELECTR\u00d3NICAS SL.<\/p>\n<p>&lt;h2&gt;Solicitud de accesorios y recambios&lt;\/h2&gt;<\/p>\n<p>La solicitud de accesorios y\/o componentes es solo de car\u00e1cter informativo y no vinculante.<\/p>\n<p>No se tramitar\u00e1 ning\u00fan pedido en firme hasta la validaci\u00f3n del mismo por parte de SOTELEC SL.<\/p>\n<p>El precio de venta de los accesorios es v\u00e1lido durante un periodo de 15 d\u00edas desde la respuesta por parte de SOTELEC SL y no incluye gastos de transporte.<\/p>\n<p>Todos los accesorios suministrados son originales y garantizados por el fabricante.<\/p>\n<p>&nbsp;<\/p>\n<p>No se admitir\u00e1n devoluciones ni abonos una vez desprecintado el accesorio<\/p>\n<p>&lt;h2&gt;Solicitud y gesti\u00f3n de reparaciones&lt;\/h2&gt;<\/p>\n<p>El formulario de env\u00edo proporcionado por \u00e9sta aplicaci\u00f3n, no servir\u00e1 en ning\u00fan caso como justificante de dep\u00f3sito del equipo, ni sus accesorios en Sotelec S.L. tan solo sirve como control de referencia de env\u00edo para que el cliente pueda consultar el estado de su reparaci\u00f3n en nuestras instalaciones.<\/p>\n<p><strong>UTILICE EL EMBALAJE ORIGINAL Y, EN SU DEFECTO, EXTREME LAS MEDIDAS CON EL EMBALAJE QUE UTILICE PARA EVITAR GOLPES EN EL TRANSPORTE. LAS REPARACIONES EN GARANT\u00cdA SIEMPRE DEBEN ESTAR ACOMPA\u00d1ADAS DE LA FACTURA DE COMPRA O ALBAR\u00c1N DE ENTREGA.<\/strong><\/p>\n<p>Todas las reparaciones realizadas en Sotelec pasan un estricto control de funcionamiento por lo que si recibe su equipo\/s de vuelta, una vez reparado, y observa anomal\u00edas de cualquier tipo en el funcionamiento del equipo, p\u00f3ngase inmediatamente en contacto con nosotros y con la agencia de transportes para dar parte de que el equipo ha recibido un golpe.<\/p>\n<p><strong>SOTELEC SL GARANTIZA TODAS SUS REPARACIONES POR UN PERIODO DE 4 MESES DESDE LA FECHA DE LA FACTURA.<\/strong><\/p>\n<p>&nbsp;<\/p>\n<p>Recuerde que tiene 24 horas, desde la recepci\u00f3n del equipo, para que su compa\u00f1\u00eda de transporte se haga cargo de los da\u00f1os que pueda tener su equipo desde la fecha de recepci\u00f3n<\/p>\n<p>&nbsp;<\/p>\n<p>El formulario de env\u00edo proporcionado por \u00e9sta aplicaci\u00f3n, no servir\u00e1 en ning\u00fan caso como justificante de dep\u00f3sito del equipo, ni sus accesorios en Sotelec S.L. tan solo sirve como control de referencia de env\u00edo para que el cliente pueda consultar el estado de su reparaci\u00f3n en nuestras instalaciones.<\/p>\n<p><strong>UTILICE EL EMBALAJE ORIGINAL Y, EN SU DEFECTO, EXTREME LAS MEDIDAS CON EL EMBALAJE QUE UTILICE PARA EVITAR GOLPES EN EL TRANSPORTE. LAS REPARACIONES EN GARANT\u00cdA SIEMPRE DEBEN ESTAR ACOMPA\u00d1ADAS DE LA FACTURA DE COMPRA O ALBAR\u00c1N DE ENTREGA.<\/strong><\/p>\n<p>Todas las reparaciones realizadas en Sotelec pasan un estricto control de funcionamiento por lo que si recibe su equipo\/s de vuelta, una vez reparado, y observa anomal\u00edas de cualquier tipo en el funcionamiento del equipo, p\u00f3ngase inmediatamente en contacto con nosotros y con la agencia de transportes para dar parte de que el equipo ha recibido un golpe.<\/p>\n<p><strong>SOTELEC SL GARANTIZA TODAS SUS REPARACIONES POR UN PERIODO DE 4 MESES DESDE LA FECHA DE LA FACTURA.<\/strong><\/p>\n","protected":false},"excerpt":{"rendered":"<p>T\u00e9rminos y condiciones Con el fin de cumplir con el&#8230;<\/p>\n","protected":false},"author":1,"featured_media":0,"parent":0,"menu_order":0,"comment_status":"closed","ping_status":"closed","template":"","meta":{"footnotes":""},"class_list":["post-264","page","type-page","status-publish"],"_links":{"self":[{"href":"https:\/\/sotelec.es\/en\/wp-json\/wp\/v2\/pages\/264","targetHints":{"allow":["GET"]}}],"collection":[{"href":"https:\/\/sotelec.es\/en\/wp-json\/wp\/v2\/pages"}],"about":[{"href":"https:\/\/sotelec.es\/en\/wp-json\/wp\/v2\/types\/page"}],"author":[{"embeddable":true,"href":"https:\/\/sotelec.es\/en\/wp-json\/wp\/v2\/users\/1"}],"replies":[{"embeddable":true,"href":"https:\/\/sotelec.es\/en\/wp-json\/wp\/v2\/comments?post=264"}],"version-history":[{"count":1,"href":"https:\/\/sotelec.es\/en\/wp-json\/wp\/v2\/pages\/264\/revisions"}],"predecessor-version":[{"id":265,"href":"https:\/\/sotelec.es\/en\/wp-json\/wp\/v2\/pages\/264\/revisions\/265"}],"wp:attachment":[{"href":"https:\/\/sotelec.es\/en\/wp-json\/wp\/v2\/media?parent=264"}],"curies":[{"name":"wp","href":"https:\/\/api.w.org\/{rel}","templated":true}]}}